{"id":59684,"date":"2022-02-15T15:43:52","date_gmt":"2022-02-15T14:43:52","guid":{"rendered":"https:\/\/allmeteorite.com\/?post_type=product&#038;p=59684"},"modified":"2022-02-15T17:03:50","modified_gmt":"2022-02-15T16:03:50","slug":"kheneg-ljouad-ll5-6-1-1017-g","status":"publish","type":"product","link":"https:\/\/allmeteorite.com\/en\/product\/kheneg-ljouad-ll5-6-1-1017-g\/","title":{"rendered":"Kheneg Ljouad LL5\/6 #1 &#8211; 101,7 g"},"content":{"rendered":"<p><span class=\"cf4 ff1 fs36\">Piece of 101,7 grams, very nice shape, very fresh.<\/span><\/p>\n<p><span class=\"cf4 ff1 fs36\">Top quality !<br \/>\n<\/span><span class=\"cf4 ff1 fs36\">Comes with certificate.<\/span><\/p>\n","protected":false},"excerpt":{"rendered":"<p>Kheneg Ljouad est une m\u00e9t\u00e9orite de 10 kg tomb\u00e9e au Maroc, elle a \u00e9t\u00e9 classifi\u00e9e chondrite de type LL5\/6.<\/p>\n<p>This is the only fall observed of this classification.<\/p>\n<p>On Wednesday, July 12, 2017, at approximately 11:13 p.m. Moroccan summer time (GMT+1,) a bright fireball was widely seen throughout southern Morocco.<\/p>\n<p>The fireball lasted several hours and was followed by a series of bangs heard throughout southern Morocco. This event was later reported by the national television channel). The site of the fall is in a militarized area of Morocco, but close to the border with Algeria. The military and nomads were the first to arrive at the site of the fall and the first piece was found within 12 hours of the fireball on July 13. A field mission was organized by H. Chennaoui Aoudjehane (FSAC), M. Aoudjehane, A. Bouferra and H. El Harbi on Saturday, July 15 to collect information on the fall and samples for classification and submission. The team obtained permission to enter the militarized zone and went to the fall site on July 16. The team encountered several hunters with fresh, black, fusion crusted stones.<\/p>\n","protected":false},"featured_media":59686,"template":"","meta":[],"product_brand":[],"product_cat":[567,599,546],"product_tag":[],"class_list":{"0":"post-59684","1":"product","2":"type-product","3":"status-publish","4":"has-post-thumbnail","6":"product_cat-falls-observed","7":"product_cat-ll-en","8":"product_cat-ordinary-chondrites","9":"product_shipping_class-petits-articles-en","10":"description-off","12":"first","13":"outofstock","14":"sold-individually","15":"shipping-taxable","16":"purchasable","17":"product-type-simple"},"_links":{"self":[{"href":"https:\/\/allmeteorite.com\/en\/wp-json\/wp\/v2\/product\/59684","targetHints":{"allow":["GET"]}}],"collection":[{"href":"https:\/\/allmeteorite.com\/en\/wp-json\/wp\/v2\/product"}],"about":[{"href":"https:\/\/allmeteorite.com\/en\/wp-json\/wp\/v2\/types\/product"}],"wp:featuredmedia":[{"embeddable":true,"href":"https:\/\/allmeteorite.com\/en\/wp-json\/wp\/v2\/media\/59686"}],"wp:attachment":[{"href":"https:\/\/allmeteorite.com\/en\/wp-json\/wp\/v2\/media?parent=59684"}],"wp:term":[{"taxonomy":"product_brand","embeddable":true,"href":"https:\/\/allmeteorite.com\/en\/wp-json\/wp\/v2\/product_brand?post=59684"},{"taxonomy":"product_cat","embeddable":true,"href":"https:\/\/allmeteorite.com\/en\/wp-json\/wp\/v2\/product_cat?post=59684"},{"taxonomy":"product_tag","embeddable":true,"href":"https:\/\/allmeteorite.com\/en\/wp-json\/wp\/v2\/product_tag?post=59684"}],"curies":[{"name":"wp","href":"https:\/\/api.w.org\/{rel}","templated":true}]}}