{"id":61126,"date":"2022-05-11T14:21:13","date_gmt":"2022-05-11T12:21:13","guid":{"rendered":"https:\/\/allmeteorite.com\/?post_type=product&#038;p=61126"},"modified":"2022-05-11T14:28:03","modified_gmt":"2022-05-11T12:28:03","slug":"nwa-6516-co3-3-4-8-g","status":"publish","type":"product","link":"https:\/\/allmeteorite.com\/en\/product\/nwa-6516-co3-3-4-8-g\/","title":{"rendered":"NWA 6516 CO3 #3- 4.8 g"},"content":{"rendered":"<p>Endcut type carbonaceous chondrite CO3.<\/p>\n<p>Comes with certificate.<\/p>\n","protected":false},"excerpt":{"rendered":"<p>NWA 6516 is a very nice carbonaceous CO3 meteorite of only 209 grams.<\/p>\n<p>The carbonaceous meteorites CO3 have small chondrules and some metal grains.<\/p>\n<p>Reference fall :<\/p>\n<p>Meteorite of Ornans (France) fallen on July 11, 1868 (6kg).<\/p>\n<p>NWA 6516 a \u00e9t\u00e9 analys\u00e9e par Albert Jambon en 2009.<\/p>\n<p>&nbsp;<\/p>\n","protected":false},"featured_media":61128,"template":"","meta":[],"product_brand":[],"product_cat":[544,585],"product_tag":[],"class_list":{"0":"post-61126","1":"product","2":"type-product","3":"status-publish","4":"has-post-thumbnail","6":"product_cat-carbonaceous-chondrites","7":"product_cat-co3-en","8":"product_shipping_class-petits-articles-en","9":"description-off","11":"first","12":"outofstock","13":"sold-individually","14":"shipping-taxable","15":"purchasable","16":"product-type-simple"},"_links":{"self":[{"href":"https:\/\/allmeteorite.com\/en\/wp-json\/wp\/v2\/product\/61126","targetHints":{"allow":["GET"]}}],"collection":[{"href":"https:\/\/allmeteorite.com\/en\/wp-json\/wp\/v2\/product"}],"about":[{"href":"https:\/\/allmeteorite.com\/en\/wp-json\/wp\/v2\/types\/product"}],"wp:featuredmedia":[{"embeddable":true,"href":"https:\/\/allmeteorite.com\/en\/wp-json\/wp\/v2\/media\/61128"}],"wp:attachment":[{"href":"https:\/\/allmeteorite.com\/en\/wp-json\/wp\/v2\/media?parent=61126"}],"wp:term":[{"taxonomy":"product_brand","embeddable":true,"href":"https:\/\/allmeteorite.com\/en\/wp-json\/wp\/v2\/product_brand?post=61126"},{"taxonomy":"product_cat","embeddable":true,"href":"https:\/\/allmeteorite.com\/en\/wp-json\/wp\/v2\/product_cat?post=61126"},{"taxonomy":"product_tag","embeddable":true,"href":"https:\/\/allmeteorite.com\/en\/wp-json\/wp\/v2\/product_tag?post=61126"}],"curies":[{"name":"wp","href":"https:\/\/api.w.org\/{rel}","templated":true}]}}