{"id":67758,"date":"2023-04-25T08:53:42","date_gmt":"2023-04-25T06:53:42","guid":{"rendered":"https:\/\/allmeteorite.com\/?post_type=product&#038;p=67758"},"modified":"2023-04-25T09:40:18","modified_gmt":"2023-04-25T07:40:18","slug":"almahata-sitta-1-bencubbinite-045-g","status":"publish","type":"product","link":"https:\/\/allmeteorite.com\/en\/product\/almahata-sitta-1-bencubbinite-045-g\/","title":{"rendered":"Almahata Sitta #1 Bencubbinite &#8211; 0,45 g"},"content":{"rendered":"<p>Meteorite with fusion crust.<\/p>\n<p>Rare ! TKW 58,63 grams.<\/p>\n<p><span class=\"cf4 ff1 fs36\">Comes with certificate.<\/span><\/p>\n","protected":false},"excerpt":{"rendered":"<p>Almahata Sitta is a unique meteorite !<\/p>\n<p>This meteorite fell on October 7, 2008 in Sudan.<\/p>\n<p>But the particularity of this meteorite is that astronomers followed it from space until it entered the atmosphere,<\/p>\n<p>a world first.<\/p>\n<p>Another surprise awaited scientists :<\/p>\n<p>Sur les 660 m\u00e9t\u00e9orites de la chute de Almahata Sitta qui ont \u00e9t\u00e9 class\u00e9es, on a trouv\u00e9 au total 17 classifications diff\u00e9rentes : Ureilite, H5\/6, LL4, EH4\/5, EL6, EL5\/6, EL3, EL6, H5, CH, EH3, EL3-<wbr \/>, EL5, EL3\/4, L4-<wbr \/>, rumuritite, et bencubinite.<\/p>\n<p>Even better, diamonds contained in the meteorite indicate that it could have belonged to a planet the size of Mercury or Mars !<\/p>\n<p>The slice that is being sold is part of a single piece that was only 58.63 grams.<\/p>\n<p>This slice is from the &#8220;Haberer Meteorite&#8221; website.<\/p>\n<p>&nbsp;<\/p>\n","protected":false},"featured_media":67760,"template":"","meta":[],"product_brand":[],"product_cat":[915,567],"product_tag":[],"class_list":{"0":"post-67758","1":"product","2":"type-product","3":"status-publish","4":"has-post-thumbnail","6":"product_cat-bencubbinite-en","7":"product_cat-falls-observed","8":"product_shipping_class-petits-articles-en","9":"description-off","11":"first","12":"outofstock","13":"featured","14":"sold-individually","15":"shipping-taxable","16":"purchasable","17":"product-type-simple"},"_links":{"self":[{"href":"https:\/\/allmeteorite.com\/en\/wp-json\/wp\/v2\/product\/67758","targetHints":{"allow":["GET"]}}],"collection":[{"href":"https:\/\/allmeteorite.com\/en\/wp-json\/wp\/v2\/product"}],"about":[{"href":"https:\/\/allmeteorite.com\/en\/wp-json\/wp\/v2\/types\/product"}],"wp:featuredmedia":[{"embeddable":true,"href":"https:\/\/allmeteorite.com\/en\/wp-json\/wp\/v2\/media\/67760"}],"wp:attachment":[{"href":"https:\/\/allmeteorite.com\/en\/wp-json\/wp\/v2\/media?parent=67758"}],"wp:term":[{"taxonomy":"product_brand","embeddable":true,"href":"https:\/\/allmeteorite.com\/en\/wp-json\/wp\/v2\/product_brand?post=67758"},{"taxonomy":"product_cat","embeddable":true,"href":"https:\/\/allmeteorite.com\/en\/wp-json\/wp\/v2\/product_cat?post=67758"},{"taxonomy":"product_tag","embeddable":true,"href":"https:\/\/allmeteorite.com\/en\/wp-json\/wp\/v2\/product_tag?post=67758"}],"curies":[{"name":"wp","href":"https:\/\/api.w.org\/{rel}","templated":true}]}}