{"id":72601,"date":"2024-02-22T10:31:44","date_gmt":"2024-02-22T09:31:44","guid":{"rendered":"https:\/\/allmeteorite.com\/?post_type=product&#038;p=72601"},"modified":"2024-02-22T11:09:42","modified_gmt":"2024-02-22T10:09:42","slug":"nwa-15176-co3-1-52-g","status":"publish","type":"product","link":"https:\/\/allmeteorite.com\/en\/product\/nwa-15176-co3-1-52-g\/","title":{"rendered":"NWA 15176 CO3 #1- 5,2 g"},"content":{"rendered":"<p>Type carbonaceous chondrite CO3.<\/p>\n<p>Comes with certificate.<\/p>\n","protected":false},"excerpt":{"rendered":"<p>NWA 15176 est une m\u00e9t\u00e9orite de type carbon\u00e9e CO3 de seulement 125 grammes.<\/p>\n<p>The carbonaceous meteorites CO3 have small chondrules and some metal grains.<\/p>\n<p>Reference fall :<\/p>\n<p>Meteorite of Ornans (France) fallen on July 11, 1868 (6kg).<\/p>\n<p>&nbsp;<\/p>\n<p>&nbsp;<\/p>\n","protected":false},"featured_media":72607,"template":"","meta":[],"product_brand":[],"product_cat":[544,585],"product_tag":[],"class_list":{"0":"post-72601","1":"product","2":"type-product","3":"status-publish","4":"has-post-thumbnail","6":"product_cat-carbonaceous-chondrites","7":"product_cat-co3-en","8":"product_shipping_class-petits-articles-en","9":"description-off","11":"first","12":"instock","13":"sold-individually","14":"shipping-taxable","15":"purchasable","16":"product-type-simple"},"_links":{"self":[{"href":"https:\/\/allmeteorite.com\/en\/wp-json\/wp\/v2\/product\/72601","targetHints":{"allow":["GET"]}}],"collection":[{"href":"https:\/\/allmeteorite.com\/en\/wp-json\/wp\/v2\/product"}],"about":[{"href":"https:\/\/allmeteorite.com\/en\/wp-json\/wp\/v2\/types\/product"}],"wp:featuredmedia":[{"embeddable":true,"href":"https:\/\/allmeteorite.com\/en\/wp-json\/wp\/v2\/media\/72607"}],"wp:attachment":[{"href":"https:\/\/allmeteorite.com\/en\/wp-json\/wp\/v2\/media?parent=72601"}],"wp:term":[{"taxonomy":"product_brand","embeddable":true,"href":"https:\/\/allmeteorite.com\/en\/wp-json\/wp\/v2\/product_brand?post=72601"},{"taxonomy":"product_cat","embeddable":true,"href":"https:\/\/allmeteorite.com\/en\/wp-json\/wp\/v2\/product_cat?post=72601"},{"taxonomy":"product_tag","embeddable":true,"href":"https:\/\/allmeteorite.com\/en\/wp-json\/wp\/v2\/product_tag?post=72601"}],"curies":[{"name":"wp","href":"https:\/\/api.w.org\/{rel}","templated":true}]}}