{"id":74837,"date":"2025-02-15T11:18:12","date_gmt":"2025-02-15T10:18:12","guid":{"rendered":"https:\/\/allmeteorite.com\/?post_type=product&#038;p=74837"},"modified":"2025-02-16T16:40:19","modified_gmt":"2025-02-16T15:40:19","slug":"zagora-006-eucrite-brechique-15-49-g-copie-copie","status":"publish","type":"product","link":"https:\/\/allmeteorite.com\/en\/product\/zagora-006-eucrite-brechique-15-49-g-copie-copie\/","title":{"rendered":"Jikharra 001 Eucrite-melt breccia #2 &#8211; 4,7 g"},"content":{"rendered":"<p>Magnificent piece.<br \/>\nDelivered with certificate.<\/p>\n","protected":false},"excerpt":{"rendered":"<p><span class=\"fs36 ff1 cf3\">Jikharra 001 is a 2.5-tonne Eucrite-melt breccia meteorite.<br \/>\n<\/span><\/p>\n<p><span class=\"ff1 cf3 fs36\">Elle a \u00e9t\u00e9 d\u00e9couverte en Lybie en 2022.<\/span><\/p>\n<div id=\"writeup\">\n<div>\n<div id=\"writeup\">\n<div>\n<p class=\"MBNormal\">Cette m\u00e9t\u00e9orite est vraiment l\u2019exception qui confirme la r\u00e8gle !<\/p>\n<p>En effet, la plupart des livres et revues sur les m\u00e9t\u00e9orites nous apprennent que les m\u00e9t\u00e9orites n&#8217;ont pas de bulles dans leur matrice.<\/p>\n<\/div>\n<\/div>\n<\/div>\n<\/div>\n","protected":false},"featured_media":74839,"template":"","meta":[],"product_brand":[],"product_cat":[542,569],"product_tag":[],"class_list":{"0":"post-74837","1":"product","2":"type-product","3":"status-publish","4":"has-post-thumbnail","6":"product_cat-achondrites-en","7":"product_cat-hed-en","8":"product_shipping_class-petits-articles-en","9":"description-off","11":"first","12":"outofstock","13":"sold-individually","14":"shipping-taxable","15":"purchasable","16":"product-type-simple"},"_links":{"self":[{"href":"https:\/\/allmeteorite.com\/en\/wp-json\/wp\/v2\/product\/74837","targetHints":{"allow":["GET"]}}],"collection":[{"href":"https:\/\/allmeteorite.com\/en\/wp-json\/wp\/v2\/product"}],"about":[{"href":"https:\/\/allmeteorite.com\/en\/wp-json\/wp\/v2\/types\/product"}],"wp:featuredmedia":[{"embeddable":true,"href":"https:\/\/allmeteorite.com\/en\/wp-json\/wp\/v2\/media\/74839"}],"wp:attachment":[{"href":"https:\/\/allmeteorite.com\/en\/wp-json\/wp\/v2\/media?parent=74837"}],"wp:term":[{"taxonomy":"product_brand","embeddable":true,"href":"https:\/\/allmeteorite.com\/en\/wp-json\/wp\/v2\/product_brand?post=74837"},{"taxonomy":"product_cat","embeddable":true,"href":"https:\/\/allmeteorite.com\/en\/wp-json\/wp\/v2\/product_cat?post=74837"},{"taxonomy":"product_tag","embeddable":true,"href":"https:\/\/allmeteorite.com\/en\/wp-json\/wp\/v2\/product_tag?post=74837"}],"curies":[{"name":"wp","href":"https:\/\/api.w.org\/{rel}","templated":true}]}}