{"id":78772,"date":"2026-04-16T10:52:57","date_gmt":"2026-04-16T08:52:57","guid":{"rendered":"https:\/\/allmeteorite.com\/?post_type=product&#038;p=78772"},"modified":"2026-04-16T11:01:15","modified_gmt":"2026-04-16T09:01:15","slug":"sikhote-alin-23-fer-iiab-shrapnel-94-g-copie-2","status":"publish","type":"product","link":"https:\/\/allmeteorite.com\/en\/product\/sikhote-alin-23-fer-iiab-shrapnel-94-g-copie-2\/","title":{"rendered":"Foum Zguid #1 Fer IIAB &#8211; 3,8 g"},"content":{"rendered":"<p>Top quality.<\/p>\n<p>Comes with certificate.<\/p>\n","protected":false},"excerpt":{"rendered":"<p>La m\u00e9t\u00e9orite Foum Zguid est une m\u00e9t\u00e9orite ferreuse qui a \u00e9t\u00e9 trouv\u00e9e au Maroc en 1998, c&#8217;est \u00e0 dire au tout d\u00e9but de la chasse aux m\u00e9t\u00e9orites au Maroc.<\/p>\n<p>&nbsp;<\/p>\n<div><\/div>\n","protected":false},"featured_media":78776,"template":"","meta":[],"product_brand":[],"product_cat":[567,545],"product_tag":[],"class_list":{"0":"post-78772","1":"product","2":"type-product","3":"status-publish","4":"has-post-thumbnail","6":"product_cat-falls-observed","7":"product_cat-metallic","8":"product_shipping_class-petits-articles-en","9":"description-off","11":"first","12":"instock","13":"sold-individually","14":"shipping-taxable","15":"purchasable","16":"product-type-simple"},"_links":{"self":[{"href":"https:\/\/allmeteorite.com\/en\/wp-json\/wp\/v2\/product\/78772","targetHints":{"allow":["GET"]}}],"collection":[{"href":"https:\/\/allmeteorite.com\/en\/wp-json\/wp\/v2\/product"}],"about":[{"href":"https:\/\/allmeteorite.com\/en\/wp-json\/wp\/v2\/types\/product"}],"wp:featuredmedia":[{"embeddable":true,"href":"https:\/\/allmeteorite.com\/en\/wp-json\/wp\/v2\/media\/78776"}],"wp:attachment":[{"href":"https:\/\/allmeteorite.com\/en\/wp-json\/wp\/v2\/media?parent=78772"}],"wp:term":[{"taxonomy":"product_brand","embeddable":true,"href":"https:\/\/allmeteorite.com\/en\/wp-json\/wp\/v2\/product_brand?post=78772"},{"taxonomy":"product_cat","embeddable":true,"href":"https:\/\/allmeteorite.com\/en\/wp-json\/wp\/v2\/product_cat?post=78772"},{"taxonomy":"product_tag","embeddable":true,"href":"https:\/\/allmeteorite.com\/en\/wp-json\/wp\/v2\/product_tag?post=78772"}],"curies":[{"name":"wp","href":"https:\/\/api.w.org\/{rel}","templated":true}]}}